{"id":11,"date":"2023-05-05T09:34:01","date_gmt":"2023-05-05T09:34:01","guid":{"rendered":"http:\/\/szkolarodzeniawroclaw.pl\/?page_id=11"},"modified":"2023-11-24T17:51:52","modified_gmt":"2023-11-24T17:51:52","slug":"gdzie-jestem","status":"publish","type":"page","link":"http:\/\/szkolarodzeniawroclaw.pl\/index.php\/gdzie-jestem\/","title":{"rendered":"gdzie jestem"},"content":{"rendered":"\t\t<div data-elementor-type=\"wp-page\" data-elementor-id=\"11\" class=\"elementor elementor-11\">\n\t\t\t\t\t\t<section class=\"elementor-section elementor-top-section elementor-element elementor-element-d030d15 elementor-section-boxed elementor-section-height-default elementor-section-height-default\" data-id=\"d030d15\" data-element_type=\"section\">\n\t\t\t\t\t\t<div class=\"elementor-container elementor-column-gap-default\">\n\t\t\t\t\t<div class=\"elementor-column elementor-col-33 elementor-top-column elementor-element elementor-element-27b9785\" data-id=\"27b9785\" data-element_type=\"column\">\n\t\t\t<div class=\"elementor-widget-wrap elementor-element-populated\">\n\t\t\t\t\t\t<div class=\"elementor-element elementor-element-aba20ba elementor-widget elementor-widget-google_maps\" data-id=\"aba20ba\" data-element_type=\"widget\" data-widget_type=\"google_maps.default\">\n\t\t\t\t<div class=\"elementor-widget-container\">\n\t\t\t\t\t<div class=\"elementor-custom-embed\">\n\t\t\t<iframe loading=\"lazy\"\n\t\t\t\t\tsrc=\"https:\/\/maps.google.com\/maps?q=wroc%C5%82aw%2C%20ul.%20macedo%C5%84ska%2029&#038;t=m&#038;z=15&#038;output=embed&#038;iwloc=near\"\n\t\t\t\t\ttitle=\"wroc\u0142aw, ul. macedo\u0144ska 29\"\n\t\t\t\t\taria-label=\"wroc\u0142aw, ul. macedo\u0144ska 29\"\n\t\t\t><\/iframe>\n\t\t<\/div>\n\t\t\t\t<\/div>\n\t\t\t\t<\/div>\n\t\t\t\t\t<\/div>\n\t\t<\/div>\n\t\t\t\t<div class=\"elementor-column elementor-col-33 elementor-top-column elementor-element elementor-element-c459b3d\" data-id=\"c459b3d\" data-element_type=\"column\">\n\t\t\t<div class=\"elementor-widget-wrap\">\n\t\t\t\t\t\t\t<\/div>\n\t\t<\/div>\n\t\t\t\t<div class=\"elementor-column elementor-col-33 elementor-top-column elementor-element elementor-element-a2155bf\" data-id=\"a2155bf\" data-element_type=\"column\">\n\t\t\t<div class=\"elementor-widget-wrap elementor-element-populated\">\n\t\t\t\t\t\t<div class=\"elementor-element elementor-element-53caafb elementor-widget elementor-widget-heading\" data-id=\"53caafb\" data-element_type=\"widget\" data-widget_type=\"heading.default\">\n\t\t\t\t<div class=\"elementor-widget-container\">\n\t\t\t<h6 class=\"elementor-heading-title elementor-size-default\">GDZIE JESTEM:<\/h6>\t\t<\/div>\n\t\t\t\t<\/div>\n\t\t\t\t<div class=\"elementor-element elementor-element-7fd9ab0 elementor-widget elementor-widget-text-editor\" data-id=\"7fd9ab0\" data-element_type=\"widget\" data-widget_type=\"text-editor.default\">\n\t\t\t\t<div class=\"elementor-widget-container\">\n\t\t\t\t\t\t\t<p><span style=\"color: var( --e-global-color-text );\">SZKO\u0141A RODZENIA<\/span><\/p><p>SAGE FEMME<\/p><p>MACEDO\u0143SKA 29<\/p><p><span style=\"font-weight: 400;\">51-113 WROC\u0141AW<\/span><\/p>\t\t\t\t\t\t<\/div>\n\t\t\t\t<\/div>\n\t\t\t\t\t<\/div>\n\t\t<\/div>\n\t\t\t\t\t<\/div>\n\t\t<\/section>\n\t\t\t\t<section class=\"elementor-section elementor-top-section elementor-element elementor-element-cc25e1e elementor-section-boxed elementor-section-height-default elementor-section-height-default\" data-id=\"cc25e1e\" data-element_type=\"section\">\n\t\t\t\t\t\t<div class=\"elementor-container elementor-column-gap-default\">\n\t\t\t\t\t<div class=\"elementor-column elementor-col-100 elementor-top-column elementor-element elementor-element-b5b3771\" data-id=\"b5b3771\" data-element_type=\"column\">\n\t\t\t<div class=\"elementor-widget-wrap elementor-element-populated\">\n\t\t\t\t\t\t<div class=\"elementor-element elementor-element-15f5f4b elementor-widget elementor-widget-spacer\" data-id=\"15f5f4b\" data-element_type=\"widget\" data-widget_type=\"spacer.default\">\n\t\t\t\t<div class=\"elementor-widget-container\">\n\t\t\t\t\t<div class=\"elementor-spacer\">\n\t\t\t<div class=\"elementor-spacer-inner\"><\/div>\n\t\t<\/div>\n\t\t\t\t<\/div>\n\t\t\t\t<\/div>\n\t\t\t\t<div class=\"elementor-element elementor-element-8d88960 elementor-widget-divider--view-line elementor-widget elementor-widget-divider\" data-id=\"8d88960\" data-element_type=\"widget\" data-widget_type=\"divider.default\">\n\t\t\t\t<div class=\"elementor-widget-container\">\n\t\t\t\t\t<div class=\"elementor-divider\">\n\t\t\t<span class=\"elementor-divider-separator\">\n\t\t\t\t\t\t<\/span>\n\t\t<\/div>\n\t\t\t\t<\/div>\n\t\t\t\t<\/div>\n\t\t\t\t<div class=\"elementor-element elementor-element-cfe7476 elementor-widget elementor-widget-text-editor\" data-id=\"cfe7476\" data-element_type=\"widget\" data-widget_type=\"text-editor.default\">\n\t\t\t\t<div class=\"elementor-widget-container\">\n\t\t\t\t\t\t\t<p><span style=\"font-weight: 400;\">DANE DO PRZELEWU:<\/span><\/p><p><span style=\"font-weight: 400;\">\u00a0\u201eSAGE-FEMME\u201d SP. ZO.O.<\/span>OBORNICKA 49\/8 51-113 WROC\u0141AW<\/p><p><span style=\"font-weight: 400;\">NIP 8951823900<\/span><\/p><p><span style=\"font-weight: 400;\">NR KONTA:<\/span><\/p><p><strong>79\u00a01090\u00a02398\u00a00000\u00a00001\u00a00270\u00a02148<\/strong><\/p>\t\t\t\t\t\t<\/div>\n\t\t\t\t<\/div>\n\t\t\t\t\t<\/div>\n\t\t<\/div>\n\t\t\t\t\t<\/div>\n\t\t<\/section>\n\t\t\t\t<\/div>\n\t\t","protected":false},"excerpt":{"rendered":"<p>GDZIE JESTEM: SZKO\u0141A RODZENIA SAGE FEMME MACEDO\u0143SKA 29 51-113 WROC\u0141AW DANE DO PRZELEWU: \u00a0\u201eSAGE-FEMME\u201d SP. ZO.O.OBORNICKA 49\/8 51-113 WROC\u0141AW NIP 8951823900 NR KONTA: 79\u00a01090\u00a02398\u00a00000\u00a00001\u00a00270\u00a02148<\/p>\n","protected":false},"author":1,"featured_media":0,"parent":0,"menu_order":0,"comment_status":"closed","ping_status":"closed","template":"","meta":{"footnotes":""},"class_list":["post-11","page","type-page","status-publish","hentry"],"_links":{"self":[{"href":"http:\/\/szkolarodzeniawroclaw.pl\/index.php\/wp-json\/wp\/v2\/pages\/11"}],"collection":[{"href":"http:\/\/szkolarodzeniawroclaw.pl\/index.php\/wp-json\/wp\/v2\/pages"}],"about":[{"href":"http:\/\/szkolarodzeniawroclaw.pl\/index.php\/wp-json\/wp\/v2\/types\/page"}],"author":[{"embeddable":true,"href":"http:\/\/szkolarodzeniawroclaw.pl\/index.php\/wp-json\/wp\/v2\/users\/1"}],"replies":[{"embeddable":true,"href":"http:\/\/szkolarodzeniawroclaw.pl\/index.php\/wp-json\/wp\/v2\/comments?post=11"}],"version-history":[{"count":14,"href":"http:\/\/szkolarodzeniawroclaw.pl\/index.php\/wp-json\/wp\/v2\/pages\/11\/revisions"}],"predecessor-version":[{"id":1452,"href":"http:\/\/szkolarodzeniawroclaw.pl\/index.php\/wp-json\/wp\/v2\/pages\/11\/revisions\/1452"}],"wp:attachment":[{"href":"http:\/\/szkolarodzeniawroclaw.pl\/index.php\/wp-json\/wp\/v2\/media?parent=11"}],"curies":[{"name":"wp","href":"https:\/\/api.w.org\/{rel}","templated":true}]}}