{"id":6,"date":"2023-05-05T09:30:02","date_gmt":"2023-05-05T09:30:02","guid":{"rendered":"http:\/\/szkolarodzeniawroclaw.pl\/?page_id=6"},"modified":"2023-06-02T09:46:18","modified_gmt":"2023-06-02T09:46:18","slug":"kim-jestem","status":"publish","type":"page","link":"http:\/\/szkolarodzeniawroclaw.pl\/index.php\/kim-jestem\/","title":{"rendered":"kim jestem"},"content":{"rendered":"\t\t<div data-elementor-type=\"wp-page\" data-elementor-id=\"6\" class=\"elementor elementor-6\">\n\t\t\t\t\t\t<section class=\"elementor-section elementor-top-section elementor-element elementor-element-03ee305 elementor-section-boxed elementor-section-height-default elementor-section-height-default\" data-id=\"03ee305\" data-element_type=\"section\">\n\t\t\t\t\t\t<div class=\"elementor-container elementor-column-gap-default\">\n\t\t\t\t\t<div class=\"elementor-column elementor-col-100 elementor-top-column elementor-element elementor-element-9419695\" data-id=\"9419695\" data-element_type=\"column\">\n\t\t\t<div class=\"elementor-widget-wrap elementor-element-populated\">\n\t\t\t\t\t\t<div class=\"elementor-element elementor-element-c438ec9 elementor-widget elementor-widget-image\" data-id=\"c438ec9\" data-element_type=\"widget\" data-widget_type=\"image.default\">\n\t\t\t\t<div class=\"elementor-widget-container\">\n\t\t\t\t\t\t\t\t\t\t\t\t\t<img fetchpriority=\"high\" decoding=\"async\" width=\"756\" height=\"504\" src=\"http:\/\/szkolarodzeniawroclaw.pl\/wp-content\/uploads\/2023\/05\/978A3724-1024x682.jpg\" class=\"attachment-large size-large wp-image-545\" alt=\"\" srcset=\"http:\/\/szkolarodzeniawroclaw.pl\/wp-content\/uploads\/2023\/05\/978A3724-1024x682.jpg 1024w, http:\/\/szkolarodzeniawroclaw.pl\/wp-content\/uploads\/2023\/05\/978A3724-300x200.jpg 300w, http:\/\/szkolarodzeniawroclaw.pl\/wp-content\/uploads\/2023\/05\/978A3724-768x512.jpg 768w, http:\/\/szkolarodzeniawroclaw.pl\/wp-content\/uploads\/2023\/05\/978A3724-1536x1024.jpg 1536w, http:\/\/szkolarodzeniawroclaw.pl\/wp-content\/uploads\/2023\/05\/978A3724.jpg 2000w\" sizes=\"(max-width: 756px) 100vw, 756px\" \/>\t\t\t\t\t\t\t\t\t\t\t\t\t<\/div>\n\t\t\t\t<\/div>\n\t\t\t\t<div class=\"elementor-element elementor-element-64f19f4 elementor-widget elementor-widget-text-editor\" data-id=\"64f19f4\" data-element_type=\"widget\" data-widget_type=\"text-editor.default\">\n\t\t\t\t<div class=\"elementor-widget-container\">\n\t\t\t\t\t\t\t<p><span style=\"font-weight: 400;\">Cze\u015b\u0107!\u00a0<\/span><\/p><p><span style=\"font-weight: 400;\">Jestem \u017con\u0105, mam\u0105 5 dzieci i po\u0142o\u017cn\u0105.<\/span><\/p><p><span style=\"font-weight: 400;\">Przygotuj\u0119 Ci\u0119 do porodu niezale\u017cnie od tego czy b\u0119dzie to por\u00f3d naturalny, rozwi\u0105zanie ci\u0119ciem cesarskim, por\u00f3d w znieczuleniu, por\u00f3d domowy, lotosowy czy w orgazmie\u2026<\/span><\/p><p><span style=\"font-weight: 400;\">Powiem, jak mo\u017cesz zaj\u0105\u0107 si\u0119 noworodkiem, jak go nakarmi\u0107, piel\u0119gnowa\u0107 i jak zadba\u0107 o siebie w po\u0142ogu.<\/span><\/p><p><span style=\"font-weight: 400;\">Zajm\u0119 si\u0119 r\u00f3wnie\u017c Twoim partnerem lub inn\u0105 bliska Ci osob\u0105, kt\u00f3r\u0105 wybierzesz, \u017ceby towarzyszy\u0142a Ci w porodzie.<\/span><\/p><p><span style=\"font-weight: 400;\">Moja szko\u0142a jest kameralna dlatego b\u0119d\u0119 mia\u0142a dla Ciebie czas, \u017ceby\u00a0<\/span><span style=\"font-weight: 400;\">z Tob\u0105\/Wami porozmawia\u0107 r\u00f3wnie\u017c o tym co jest dla Was wa\u017cne na tym etapie Waszego \u017cycia. Czasami wyk\u0142ad musi poczeka\u0107\u2026<\/span><\/p><p><span style=\"font-weight: 400;\">Ka\u017cdego kogo obejmuj\u0119 swoj\u0105 opiek\u0105 traktuj\u0119 indywidualnie.<\/span><\/p><p><span style=\"font-weight: 400;\">Prowadz\u0119 Szko\u0142\u0119 Rodzenia od ponad 30 lat. Przez ca\u0142y ten czas ewoluuj\u0119. Je\u017cd\u017c\u0119 na konferencje, uczestnicz\u0119 w kursach i czytam nowo\u015bci oko\u0142oporodowe a wszystko po to, \u017ceby\u015b dosta\u0142a ode mnie aktualn\u0105 wiedz\u0119.<\/span><\/p><p><span style=\"font-weight: 400;\">Zapraszam Ci\u0119\/Was bardzo serdecznie do spotkania ze mn\u0105 podczas kt\u00f3rego b\u0119d\u0119 mog\u0142a przygotowa\u0107 Ci\u0119\/Was do porodu. Do, <\/span><span style=\"font-weight: 400;\">\u201enowego\u201d, kt\u00f3re nadchodzi i jest PIEKNE mimo swego ci\u0119\u017caru.<\/span><\/p><p><span style=\"font-weight: 400;\">Jestem do Twojej dyspozycji po porodzie jako wsparcie i potrzebne s\u0142owo dla Ciebie, dla Was.<\/span><\/p><p><span style=\"font-weight: 400;\">Dziel\u0119 si\u0119 z Tob\u0105 swoja wiedz\u0105 mamy, \u017cony i PO\u0141O\u017bNEJ<\/span><\/p><p><span style=\"font-weight: 400;\">JOANNA SYREK- RAWIAK<\/span><\/p>\t\t\t\t\t\t<\/div>\n\t\t\t\t<\/div>\n\t\t\t\t<div class=\"elementor-element elementor-element-5b4162c elementor-widget elementor-widget-spacer\" data-id=\"5b4162c\" data-element_type=\"widget\" data-widget_type=\"spacer.default\">\n\t\t\t\t<div class=\"elementor-widget-container\">\n\t\t\t\t\t<div class=\"elementor-spacer\">\n\t\t\t<div class=\"elementor-spacer-inner\"><\/div>\n\t\t<\/div>\n\t\t\t\t<\/div>\n\t\t\t\t<\/div>\n\t\t\t\t<div class=\"elementor-element elementor-element-8ee06a5 elementor-widget-divider--view-line elementor-widget elementor-widget-divider\" data-id=\"8ee06a5\" data-element_type=\"widget\" data-widget_type=\"divider.default\">\n\t\t\t\t<div class=\"elementor-widget-container\">\n\t\t\t\t\t<div class=\"elementor-divider\">\n\t\t\t<span class=\"elementor-divider-separator\">\n\t\t\t\t\t\t<\/span>\n\t\t<\/div>\n\t\t\t\t<\/div>\n\t\t\t\t<\/div>\n\t\t\t\t\t<\/div>\n\t\t<\/div>\n\t\t\t\t\t<\/div>\n\t\t<\/section>\n\t\t\t\t<section class=\"elementor-section elementor-top-section elementor-element elementor-element-3a7851d elementor-section-boxed elementor-section-height-default elementor-section-height-default\" data-id=\"3a7851d\" data-element_type=\"section\">\n\t\t\t\t\t\t<div class=\"elementor-container elementor-column-gap-default\">\n\t\t\t\t\t<div class=\"elementor-column elementor-col-100 elementor-top-column elementor-element elementor-element-1fb0617\" data-id=\"1fb0617\" data-element_type=\"column\">\n\t\t\t<div class=\"elementor-widget-wrap elementor-element-populated\">\n\t\t\t\t\t\t<div class=\"elementor-element elementor-element-e038c81 elementor-arrows-position-inside elementor-pagination-position-outside elementor-widget elementor-widget-image-carousel\" data-id=\"e038c81\" data-element_type=\"widget\" data-settings=\"{&quot;lazyload&quot;:&quot;yes&quot;,&quot;navigation&quot;:&quot;both&quot;,&quot;autoplay&quot;:&quot;yes&quot;,&quot;pause_on_hover&quot;:&quot;yes&quot;,&quot;pause_on_interaction&quot;:&quot;yes&quot;,&quot;autoplay_speed&quot;:5000,&quot;infinite&quot;:&quot;yes&quot;,&quot;speed&quot;:500}\" data-widget_type=\"image-carousel.default\">\n\t\t\t\t<div class=\"elementor-widget-container\">\n\t\t\t\t\t<div class=\"elementor-image-carousel-wrapper swiper\" dir=\"ltr\">\n\t\t\t<div class=\"elementor-image-carousel swiper-wrapper\" aria-live=\"off\">\n\t\t\t\t\t\t\t\t<div class=\"swiper-slide\" role=\"group\" aria-roledescription=\"slide\" aria-label=\"1 z 17\"><figure class=\"swiper-slide-inner\"><img class=\"swiper-slide-image swiper-lazy\" data-src=\"http:\/\/szkolarodzeniawroclaw.pl\/wp-content\/uploads\/2023\/05\/SMarketing23051908201-768x1086.jpg\" alt=\"Marketing-20230519082059\" \/><div class=\"swiper-lazy-preloader\"><\/div><\/figure><\/div><div class=\"swiper-slide\" role=\"group\" aria-roledescription=\"slide\" aria-label=\"2 z 17\"><figure class=\"swiper-slide-inner\"><img class=\"swiper-slide-image swiper-lazy\" data-src=\"http:\/\/szkolarodzeniawroclaw.pl\/wp-content\/uploads\/2023\/05\/SMarketing23051908210-768x1086.jpg\" alt=\"Marketing-20230519082127\" \/><div class=\"swiper-lazy-preloader\"><\/div><\/figure><\/div><div class=\"swiper-slide\" role=\"group\" aria-roledescription=\"slide\" aria-label=\"3 z 17\"><figure class=\"swiper-slide-inner\"><img class=\"swiper-slide-image swiper-lazy\" data-src=\"http:\/\/szkolarodzeniawroclaw.pl\/wp-content\/uploads\/2023\/05\/SMarketing23051908220-768x1086.jpg\" alt=\"Marketing-20230519082217\" \/><div class=\"swiper-lazy-preloader\"><\/div><\/figure><\/div><div class=\"swiper-slide\" role=\"group\" aria-roledescription=\"slide\" aria-label=\"4 z 17\"><figure class=\"swiper-slide-inner\"><img class=\"swiper-slide-image swiper-lazy\" data-src=\"http:\/\/szkolarodzeniawroclaw.pl\/wp-content\/uploads\/2023\/05\/SMarketing23051908221-768x1086.jpg\" alt=\"Marketing-20230519082242\" \/><div class=\"swiper-lazy-preloader\"><\/div><\/figure><\/div><div class=\"swiper-slide\" role=\"group\" aria-roledescription=\"slide\" aria-label=\"5 z 17\"><figure class=\"swiper-slide-inner\"><img class=\"swiper-slide-image swiper-lazy\" data-src=\"http:\/\/szkolarodzeniawroclaw.pl\/wp-content\/uploads\/2023\/05\/SMarketing23051908230-768x1086.jpg\" alt=\"Marketing-20230519082306\" \/><div class=\"swiper-lazy-preloader\"><\/div><\/figure><\/div><div class=\"swiper-slide\" role=\"group\" aria-roledescription=\"slide\" aria-label=\"6 z 17\"><figure class=\"swiper-slide-inner\"><img class=\"swiper-slide-image swiper-lazy\" data-src=\"http:\/\/szkolarodzeniawroclaw.pl\/wp-content\/uploads\/2023\/05\/SMarketing23051908231-768x1086.jpg\" alt=\"Marketing-20230519082329\" \/><div class=\"swiper-lazy-preloader\"><\/div><\/figure><\/div><div class=\"swiper-slide\" role=\"group\" aria-roledescription=\"slide\" aria-label=\"7 z 17\"><figure class=\"swiper-slide-inner\"><img class=\"swiper-slide-image swiper-lazy\" data-src=\"http:\/\/szkolarodzeniawroclaw.pl\/wp-content\/uploads\/2023\/05\/SMarketing23051908232-768x1086.jpg\" alt=\"Marketing-20230519082401\" \/><div class=\"swiper-lazy-preloader\"><\/div><\/figure><\/div><div class=\"swiper-slide\" role=\"group\" aria-roledescription=\"slide\" aria-label=\"8 z 17\"><figure class=\"swiper-slide-inner\"><img class=\"swiper-slide-image swiper-lazy\" data-src=\"http:\/\/szkolarodzeniawroclaw.pl\/wp-content\/uploads\/2023\/05\/SMarketing23051908240-768x1086.jpg\" alt=\"Marketing-20230519082419\" \/><div class=\"swiper-lazy-preloader\"><\/div><\/figure><\/div><div class=\"swiper-slide\" role=\"group\" aria-roledescription=\"slide\" aria-label=\"9 z 17\"><figure class=\"swiper-slide-inner\"><img class=\"swiper-slide-image swiper-lazy\" data-src=\"http:\/\/szkolarodzeniawroclaw.pl\/wp-content\/uploads\/2023\/05\/SMarketing23051908241-768x1086.jpg\" alt=\"Marketing-20230519082439\" \/><div class=\"swiper-lazy-preloader\"><\/div><\/figure><\/div><div class=\"swiper-slide\" role=\"group\" aria-roledescription=\"slide\" aria-label=\"10 z 17\"><figure class=\"swiper-slide-inner\"><img class=\"swiper-slide-image swiper-lazy\" data-src=\"http:\/\/szkolarodzeniawroclaw.pl\/wp-content\/uploads\/2023\/05\/SMarketing23051908250-768x1086.jpg\" alt=\"Marketing-20230519082515\" \/><div class=\"swiper-lazy-preloader\"><\/div><\/figure><\/div><div class=\"swiper-slide\" role=\"group\" aria-roledescription=\"slide\" aria-label=\"11 z 17\"><figure class=\"swiper-slide-inner\"><img class=\"swiper-slide-image swiper-lazy\" data-src=\"http:\/\/szkolarodzeniawroclaw.pl\/wp-content\/uploads\/2023\/05\/SMarketing23051908251-768x1086.jpg\" alt=\"Marketing-20230519082538\" \/><div class=\"swiper-lazy-preloader\"><\/div><\/figure><\/div><div class=\"swiper-slide\" role=\"group\" aria-roledescription=\"slide\" aria-label=\"12 z 17\"><figure class=\"swiper-slide-inner\"><img class=\"swiper-slide-image swiper-lazy\" data-src=\"http:\/\/szkolarodzeniawroclaw.pl\/wp-content\/uploads\/2023\/05\/SMarketing23051908252-768x1086.jpg\" alt=\"Marketing-20230519082601\" \/><div class=\"swiper-lazy-preloader\"><\/div><\/figure><\/div><div class=\"swiper-slide\" role=\"group\" aria-roledescription=\"slide\" aria-label=\"13 z 17\"><figure class=\"swiper-slide-inner\"><img class=\"swiper-slide-image swiper-lazy\" data-src=\"http:\/\/szkolarodzeniawroclaw.pl\/wp-content\/uploads\/2023\/05\/SMarketing23051908260-768x1086.jpg\" alt=\"Marketing-20230519082623\" \/><div class=\"swiper-lazy-preloader\"><\/div><\/figure><\/div><div class=\"swiper-slide\" role=\"group\" aria-roledescription=\"slide\" aria-label=\"14 z 17\"><figure class=\"swiper-slide-inner\"><img class=\"swiper-slide-image swiper-lazy\" data-src=\"http:\/\/szkolarodzeniawroclaw.pl\/wp-content\/uploads\/2023\/05\/SMarketing23051908261-768x1086.jpg\" alt=\"Marketing-20230519082644\" \/><div class=\"swiper-lazy-preloader\"><\/div><\/figure><\/div><div class=\"swiper-slide\" role=\"group\" aria-roledescription=\"slide\" aria-label=\"15 z 17\"><figure class=\"swiper-slide-inner\"><img class=\"swiper-slide-image swiper-lazy\" data-src=\"http:\/\/szkolarodzeniawroclaw.pl\/wp-content\/uploads\/2023\/05\/SMarketing23051908270-768x543.jpg\" alt=\"Marketing-20230519082715\" \/><div class=\"swiper-lazy-preloader\"><\/div><\/figure><\/div><div class=\"swiper-slide\" role=\"group\" aria-roledescription=\"slide\" aria-label=\"16 z 17\"><figure class=\"swiper-slide-inner\"><img class=\"swiper-slide-image swiper-lazy\" data-src=\"http:\/\/szkolarodzeniawroclaw.pl\/wp-content\/uploads\/2023\/05\/SMarketing23051908271-768x1086.jpg\" alt=\"Marketing-20230519082743\" \/><div class=\"swiper-lazy-preloader\"><\/div><\/figure><\/div><div class=\"swiper-slide\" role=\"group\" aria-roledescription=\"slide\" aria-label=\"17 z 17\"><figure class=\"swiper-slide-inner\"><img class=\"swiper-slide-image swiper-lazy\" data-src=\"http:\/\/szkolarodzeniawroclaw.pl\/wp-content\/uploads\/2023\/05\/SMarketing23051908180-768x1086.jpg\" alt=\"Marketing-20230519081933\" \/><div class=\"swiper-lazy-preloader\"><\/div><\/figure><\/div>\t\t\t<\/div>\n\t\t\t\t\t\t\t\t\t\t\t\t<div class=\"elementor-swiper-button elementor-swiper-button-prev\" role=\"button\" tabindex=\"0\">\n\t\t\t\t\t\t<i aria-hidden=\"true\" class=\"eicon-chevron-left\"><\/i>\t\t\t\t\t<\/div>\n\t\t\t\t\t<div class=\"elementor-swiper-button elementor-swiper-button-next\" role=\"button\" tabindex=\"0\">\n\t\t\t\t\t\t<i aria-hidden=\"true\" class=\"eicon-chevron-right\"><\/i>\t\t\t\t\t<\/div>\n\t\t\t\t\n\t\t\t\t\t\t\t\t\t<div class=\"swiper-pagination\"><\/div>\n\t\t\t\t\t\t\t\t\t<\/div>\n\t\t\t\t<\/div>\n\t\t\t\t<\/div>\n\t\t\t\t\t<\/div>\n\t\t<\/div>\n\t\t\t\t\t<\/div>\n\t\t<\/section>\n\t\t\t\t<\/div>\n\t\t","protected":false},"excerpt":{"rendered":"<p>Cze\u015b\u0107!\u00a0 Jestem \u017con\u0105, mam\u0105 5 dzieci i po\u0142o\u017cn\u0105. Przygotuj\u0119 Ci\u0119 do porodu niezale\u017cnie od tego czy b\u0119dzie to por\u00f3d naturalny, rozwi\u0105zanie ci\u0119ciem cesarskim, por\u00f3d w znieczuleniu, por\u00f3d domowy, lotosowy czy &hellip; <\/p>\n","protected":false},"author":1,"featured_media":0,"parent":0,"menu_order":0,"comment_status":"closed","ping_status":"closed","template":"","meta":{"footnotes":""},"class_list":["post-6","page","type-page","status-publish","hentry"],"_links":{"self":[{"href":"http:\/\/szkolarodzeniawroclaw.pl\/index.php\/wp-json\/wp\/v2\/pages\/6"}],"collection":[{"href":"http:\/\/szkolarodzeniawroclaw.pl\/index.php\/wp-json\/wp\/v2\/pages"}],"about":[{"href":"http:\/\/szkolarodzeniawroclaw.pl\/index.php\/wp-json\/wp\/v2\/types\/page"}],"author":[{"embeddable":true,"href":"http:\/\/szkolarodzeniawroclaw.pl\/index.php\/wp-json\/wp\/v2\/users\/1"}],"replies":[{"embeddable":true,"href":"http:\/\/szkolarodzeniawroclaw.pl\/index.php\/wp-json\/wp\/v2\/comments?post=6"}],"version-history":[{"count":23,"href":"http:\/\/szkolarodzeniawroclaw.pl\/index.php\/wp-json\/wp\/v2\/pages\/6\/revisions"}],"predecessor-version":[{"id":611,"href":"http:\/\/szkolarodzeniawroclaw.pl\/index.php\/wp-json\/wp\/v2\/pages\/6\/revisions\/611"}],"wp:attachment":[{"href":"http:\/\/szkolarodzeniawroclaw.pl\/index.php\/wp-json\/wp\/v2\/media?parent=6"}],"curies":[{"name":"wp","href":"https:\/\/api.w.org\/{rel}","templated":true}]}}